{"id":2823,"date":"2025-03-25T15:45:17","date_gmt":"2025-03-25T15:45:17","guid":{"rendered":"https:\/\/frischrezepte.de\/?page_id=2823"},"modified":"2025-03-25T16:39:33","modified_gmt":"2025-03-25T16:39:33","slug":"disclosures","status":"publish","type":"page","link":"https:\/\/frischrezepte.de\/de\/offenlegung-gesetzlicher-und-regulatorischer-offenlegungen\/","title":{"rendered":"Gesetzliche und regulatorische Offenlegungen"},"content":{"rendered":"<p>Diese Website, https:\/\/frischrezepte.de\/, wird von Hadiya &amp; Ishrat, wohnhaft in Hamburg, Deutschland, betrieben. Sie dient ausschlie\u00dflich zu Informationszwecken und ist dazu gedacht, pers\u00f6nliche Rezepte, Kochtipps und lebensmittelbezogene Inhalte zu teilen. Obwohl wir uns bem\u00fchen, die Richtigkeit der auf der Website ver\u00f6ffentlichten Informationen zu gew\u00e4hrleisten, geben wir keine Garantien oder Gew\u00e4hrleistungen hinsichtlich ihrer Vollst\u00e4ndigkeit, Zuverl\u00e4ssigkeit oder Eignung f\u00fcr einen bestimmten Zweck.<\/p>\n\n\n\n<p>Wir sind keine professionellen Ern\u00e4hrungsberater, Di\u00e4tassistenten oder K\u00f6che; alle Ern\u00e4hrungs- oder Kochempfehlungen auf dieser Website beruhen auf unseren Erfahrungen und Untersuchungen. Wir empfehlen unseren Besuchern, bei besonderen Ern\u00e4hrungsbed\u00fcrfnissen oder gesundheitlichen Problemen Fachleute zu konsultieren.<\/p>\n\n\n\n<p>Sofern nicht anders angegeben, sind alle Inhalte, einschlie\u00dflich Bilder, Rezepte und schriftliche Materialien, unser geistiges Eigentum. Die Vervielf\u00e4ltigung, Verbreitung oder Nutzung unserer Inhalte ohne ausdr\u00fcckliche Genehmigung ist verboten.<\/p>\n\n\n\n<p>Wenn Sie weitere Anfragen oder Genehmigungen haben, wenden Sie sich bitte an uns, indem Sie die auf unserer Website angegebenen Informationen verwenden. <a href=\"https:\/\/frischrezepte.de\/de\/contact-us\/\" data-type=\"link\" data-id=\"https:\/\/frischrezepte.de\/de\/contact-us\/\">Kontakt Seite<\/a>.<\/p>","protected":false},"excerpt":{"rendered":"<p>This website, https:\/\/frischrezepte.de\/, is operated by Hadiya &amp; Ishrat, a resident of Hamburg, Germany. It is provided for informational purposes only and is intended to&#8230;<\/p>","protected":false},"author":2,"featured_media":0,"parent":0,"menu_order":0,"comment_status":"closed","ping_status":"closed","template":"","meta":{"footnotes":""},"class_list":["post-2823","page","type-page","status-publish","hentry"],"_links":{"self":[{"href":"https:\/\/frischrezepte.de\/de\/wp-json\/wp\/v2\/pages\/2823","targetHints":{"allow":["GET"]}}],"collection":[{"href":"https:\/\/frischrezepte.de\/de\/wp-json\/wp\/v2\/pages"}],"about":[{"href":"https:\/\/frischrezepte.de\/de\/wp-json\/wp\/v2\/types\/page"}],"author":[{"embeddable":true,"href":"https:\/\/frischrezepte.de\/de\/wp-json\/wp\/v2\/users\/2"}],"replies":[{"embeddable":true,"href":"https:\/\/frischrezepte.de\/de\/wp-json\/wp\/v2\/comments?post=2823"}],"version-history":[{"count":2,"href":"https:\/\/frischrezepte.de\/de\/wp-json\/wp\/v2\/pages\/2823\/revisions"}],"predecessor-version":[{"id":2826,"href":"https:\/\/frischrezepte.de\/de\/wp-json\/wp\/v2\/pages\/2823\/revisions\/2826"}],"wp:attachment":[{"href":"https:\/\/frischrezepte.de\/de\/wp-json\/wp\/v2\/media?parent=2823"}],"curies":[{"name":"wp","href":"https:\/\/api.w.org\/{rel}","templated":true}]}}