{"id":2836,"date":"2025-03-25T17:14:25","date_gmt":"2025-03-25T17:14:25","guid":{"rendered":"https:\/\/frischrezepte.de\/?page_id=2836"},"modified":"2025-03-25T17:14:25","modified_gmt":"2025-03-25T17:14:25","slug":"imprint-impressum","status":"publish","type":"page","link":"https:\/\/frischrezepte.de\/de\/impressum\/","title":{"rendered":"impressum (Impressum)"},"content":{"rendered":"<p><strong>impressum (Impressum)<\/strong><\/p>\n\n\n\n<p><strong>Eigent\u00fcmerin und Betreiberin:<\/strong><\/p>\n\n\n\n<p>Hadiya und Ishrat Khan<\/p>\n\n\n\n<p>Hamburg, Deutschland<\/p>\n\n\n\n<p><strong>Kontaktinformationen:<\/strong><\/p>\n\n\n\n<p>E-Mail: autorin@frischrezepte.de<\/p>\n\n\n\n<p><strong>Beilegung von Streitigkeiten:<\/strong><\/p>\n\n\n\n<p>Die Europ\u00e4ische Kommission stellt eine Plattform zur Online-Streitbeilegung (OS) zur Verf\u00fcgung, die Sie hier aufrufen k\u00f6nnen: <a href=\"https:\/\/ec.europa.eu\/consumers\/odr\/\" target=\"_blank\" rel=\"noopener\">https:\/\/ec.europa.eu\/consumers\/odr\/<\/a>. Wir sind nicht verpflichtet, an einem Streitbeilegungsverfahren vor einer Verbraucherschlichtungsstelle teilzunehmen.<\/p>\n\n\n\n<p><strong>Haftungsausschluss:<\/strong><\/p>\n\n\n\n<p>Die Haftung f\u00fcr Inhalte und Links auf dieser Website ist ausgeschlossen, soweit dies nach geltendem Recht zul\u00e4ssig ist.<\/p>","protected":false},"excerpt":{"rendered":"<p>Imprint (Impressum) Owner and Operator: Hadiya and Ishrat Khan Hamburg, Germany Contact Information: Email: autorin@frischrezepte.de Dispute Resolution: The European Commission provides an Online Dispute Resolution&#8230;<\/p>","protected":false},"author":2,"featured_media":0,"parent":0,"menu_order":0,"comment_status":"closed","ping_status":"closed","template":"","meta":{"footnotes":""},"class_list":["post-2836","page","type-page","status-publish","hentry"],"_links":{"self":[{"href":"https:\/\/frischrezepte.de\/de\/wp-json\/wp\/v2\/pages\/2836","targetHints":{"allow":["GET"]}}],"collection":[{"href":"https:\/\/frischrezepte.de\/de\/wp-json\/wp\/v2\/pages"}],"about":[{"href":"https:\/\/frischrezepte.de\/de\/wp-json\/wp\/v2\/types\/page"}],"author":[{"embeddable":true,"href":"https:\/\/frischrezepte.de\/de\/wp-json\/wp\/v2\/users\/2"}],"replies":[{"embeddable":true,"href":"https:\/\/frischrezepte.de\/de\/wp-json\/wp\/v2\/comments?post=2836"}],"version-history":[{"count":1,"href":"https:\/\/frischrezepte.de\/de\/wp-json\/wp\/v2\/pages\/2836\/revisions"}],"predecessor-version":[{"id":2837,"href":"https:\/\/frischrezepte.de\/de\/wp-json\/wp\/v2\/pages\/2836\/revisions\/2837"}],"wp:attachment":[{"href":"https:\/\/frischrezepte.de\/de\/wp-json\/wp\/v2\/media?parent=2836"}],"curies":[{"name":"wp","href":"https:\/\/api.w.org\/{rel}","templated":true}]}}