{"id":46,"date":"2024-12-13T22:01:02","date_gmt":"2024-12-13T22:01:02","guid":{"rendered":"https:\/\/demo.gloriathemes.com\/platea\/demo\/?page_id=46"},"modified":"2025-03-26T13:49:19","modified_gmt":"2025-03-26T13:49:19","slug":"a-z-recipes","status":"publish","type":"page","link":"https:\/\/frischrezepte.de\/de\/a-z-rezepte-01\/","title":{"rendered":"A-Z-Rezepte"},"content":{"rendered":"<div data-elementor-type=\"wp-page\" data-elementor-id=\"46\" class=\"elementor elementor-46\" data-elementor-post-type=\"page\">\n\t\t\t\t<div class=\"elementor-element elementor-element-8d19a2f e-flex e-con-boxed e-con e-parent\" data-id=\"8d19a2f\" data-element_type=\"container\" data-e-type=\"container\">\n\t\t\t\t\t<div class=\"e-con-inner\">\n\t\t\t\t<div class=\"elementor-element elementor-element-52e25c1 elementor-widget elementor-widget-platea-letter-listing-widget\" data-id=\"52e25c1\" data-element_type=\"widget\" data-e-type=\"widget\" data-widget_type=\"platea-letter-listing-widget.default\">\n\t\t\t\t<div class=\"elementor-widget-container\">\n\t\t\t\t\t<div class=\"gt-letter-list gt-style-2\"><div class=\"gt-taxonomy-listing gt-\"><ul><li><a href=\"https:\/\/frischrezepte.de\/de\/recipe-letter\/213\/\" class=\"gt-category-25\">#<\/a><\/li><li><a href=\"https:\/\/frischrezepte.de\/de\/recipe-letter\/0-9\/\" class=\"gt-category-26\">0-9<\/a><\/li><li><a href=\"https:\/\/frischrezepte.de\/de\/recipe-letter\/a\/\" class=\"gt-category-75\">A<\/a><\/li><li><a href=\"https:\/\/frischrezepte.de\/de\/recipe-letter\/b\/\" class=\"gt-category-81\">B<\/a><\/li><li><a href=\"https:\/\/frischrezepte.de\/de\/recipe-letter\/c\/\" class=\"gt-category-97\">C<\/a><\/li><li><a href=\"https:\/\/frischrezepte.de\/de\/recipe-letter\/d\/\" class=\"gt-category-115\">D<\/a><\/li><li><a href=\"https:\/\/frischrezepte.de\/de\/recipe-letter\/e\/\" class=\"gt-category-121\">E<\/a><\/li><li><a href=\"https:\/\/frischrezepte.de\/de\/recipe-letter\/f\/\" class=\"gt-category-126\">F<\/a><\/li><li><a href=\"https:\/\/frischrezepte.de\/de\/recipe-letter\/g\/\" class=\"gt-category-130\">G<\/a><\/li><li><a href=\"https:\/\/frischrezepte.de\/de\/recipe-letter\/h\/\" class=\"gt-category-138\">H<\/a><\/li><li><a href=\"https:\/\/frischrezepte.de\/de\/recipe-letter\/i\/\" class=\"gt-category-144\">I<\/a><\/li><li><a href=\"https:\/\/frischrezepte.de\/de\/recipe-letter\/j\/\" class=\"gt-category-149\">J<\/a><\/li><li><a href=\"https:\/\/frischrezepte.de\/de\/recipe-letter\/k\/\" class=\"gt-category-152\">K<\/a><\/li><li><a href=\"https:\/\/frischrezepte.de\/de\/recipe-letter\/l\/\" class=\"gt-category-155\">L<\/a><\/li><li><a href=\"https:\/\/frischrezepte.de\/de\/recipe-letter\/m\/\" class=\"gt-category-161\">M<\/a><\/li><li><a href=\"https:\/\/frischrezepte.de\/de\/recipe-letter\/n\/\" class=\"gt-category-170\">N<\/a><\/li><li><a href=\"https:\/\/frischrezepte.de\/de\/recipe-letter\/o\/\" class=\"gt-category-171\">O<\/a><\/li><li><a href=\"https:\/\/frischrezepte.de\/de\/recipe-letter\/p\/\" class=\"gt-category-176\">P<\/a><\/li><li><a href=\"https:\/\/frischrezepte.de\/de\/recipe-letter\/q\/\" class=\"gt-category-183\">Q<\/a><\/li><li><a href=\"https:\/\/frischrezepte.de\/de\/recipe-letter\/r\/\" class=\"gt-category-185\">R<\/a><\/li><li><a href=\"https:\/\/frischrezepte.de\/de\/recipe-letter\/s\/\" class=\"gt-category-188\">S<\/a><\/li><li><a href=\"https:\/\/frischrezepte.de\/de\/recipe-letter\/t\/\" class=\"gt-category-214\">T<\/a><\/li><li><a href=\"https:\/\/frischrezepte.de\/de\/recipe-letter\/u\/\" class=\"gt-category-220\">U<\/a><\/li><li><a href=\"https:\/\/frischrezepte.de\/de\/recipe-letter\/v\/\" class=\"gt-category-221\">V<\/a><\/li><li><a href=\"https:\/\/frischrezepte.de\/de\/recipe-letter\/w\/\" class=\"gt-category-228\">W<\/a><\/li><li><a href=\"https:\/\/frischrezepte.de\/de\/recipe-letter\/x\/\" class=\"gt-category-229\">X<\/a><\/li><li><a href=\"https:\/\/frischrezepte.de\/de\/recipe-letter\/y\/\" class=\"gt-category-230\">Y<\/a><\/li><li><a href=\"https:\/\/frischrezepte.de\/de\/recipe-letter\/z\/\" class=\"gt-category-232\">Z<\/a><\/li><\/ul><\/div><\/div>\t\t\t\t<\/div>\n\t\t\t\t<\/div>\n\t\t\t\t\t<\/div>\n\t\t\t\t<\/div>\n\t\t<div class=\"elementor-element elementor-element-7652ce5 e-flex e-con-boxed e-con e-parent\" data-id=\"7652ce5\" data-element_type=\"container\" data-e-type=\"container\">\n\t\t\t\t\t<div class=\"e-con-inner\">\n\t\t\t\t<div class=\"elementor-element elementor-element-99cd6b7 elementor-widget elementor-widget-platea-recipes-widget\" data-id=\"99cd6b7\" data-element_type=\"widget\" data-e-type=\"widget\" data-widget_type=\"platea-recipes-widget.default\">\n\t\t\t\t<div class=\"elementor-widget-container\">\n\t\t\t\t\t<div class=\"gt-recipe-listing\"><div class=\"row gt-g-30\"><div class=\"col-12 col-md-3 col-lg-3\"><div class=\"gt-item gt-style-1 gt-align-left\"><div class=\"gt-image\"><a href=\"https:\/\/frischrezepte.de\/de\/recipe\/fleisch-masala-eintopf-schnellkochtopf-rezept\/\"><img fetchpriority=\"high\" decoding=\"async\" width=\"630\" height=\"785\" src=\"https:\/\/frischrezepte.de\/wp-content\/uploads\/2025\/04\/Flavorful-Meat-Masala-Stew-with-Onion-and-Tomato-Base-Pressure-Cooker-Recipe2-630x785.jpg\" class=\"attachment-platea-post-6 size-platea-post-6 wp-post-image\" alt=\"W\u00fcrziger Fleisch-Masala-Eintopf mit Zwiebeln und Tomaten (Schnellkochtopf-Rezept)\" srcset=\"https:\/\/frischrezepte.de\/wp-content\/uploads\/2025\/04\/Flavorful-Meat-Masala-Stew-with-Onion-and-Tomato-Base-Pressure-Cooker-Recipe2-630x785.jpg 630w, https:\/\/frischrezepte.de\/wp-content\/uploads\/2025\/04\/Flavorful-Meat-Masala-Stew-with-Onion-and-Tomato-Base-Pressure-Cooker-Recipe2-72x90.jpg 72w\" sizes=\"(max-width: 630px) 100vw, 630px\" \/><\/a><div class=\"gt-recipe-action-buttons gt-vertical\"><ul><li class=\"gt-like-button\"><div class=\"gt-action-button\"><a data-toggle=\"gt-user-box\" class=\"gt-login-for-like\" title=\"You need to log in to like this.\" data-bs-toggle=\"tooltip\" data-bs-placement=\"top\"><div class=\"gt-icon\"><svg width=\"20\" height=\"17\" viewbox=\"0 0 20 17\" fill=\"none\" xmlns=\"http:\/\/www.w3.org\/2000\/svg\"> <path d=\"M15.8333 10.1667C17.075 8.95 18.3333 7.49167 18.3333 5.58333C18.3333 4.36776 17.8504 3.20197 16.9909 2.34243C16.1314 1.48289 14.9656 1 13.75 1C12.2833 1 11.25 1.41667 9.99999 2.66667C8.74999 1.41667 7.71666 1 6.24999 1C5.03441 1 3.86863 1.48289 3.00908 2.34243C2.14954 3.20197 1.66666 4.36776 1.66666 5.58333C1.66666 7.5 2.91666 8.95833 4.16666 10.1667L9.99999 16L15.8333 10.1667Z\" fill=\"currentColor\" stroke=\"currentColor\" stroke-width=\"2\" stroke-linecap=\"round\" stroke-linejoin=\"round\"\/> <\/svg><\/div><\/a><\/div><\/li><li class=\"gt-save-button\"><div class=\"gt-action-button\"><a data-toggle=\"gt-user-box\" class=\"gt-login-for-save\" title=\"You need to log in to save this.\" data-bs-toggle=\"tooltip\" data-bs-placement=\"top\"><div class=\"gt-icon\"><svg width=\"16\" height=\"20\" viewbox=\"0 0 16 20\" fill=\"none\" xmlns=\"http:\/\/www.w3.org\/2000\/svg\"> <path d=\"M15 19L8 15L1 19V3C1 2.46957 1.21071 1.96086 1.58579 1.58579C1.96086 1.21071 2.46957 1 3 1H13C13.5304 1 14.0391 1.21071 14.4142 1.58579C14.7893 1.96086 15 2.46957 15 3V19Z\" stroke=\"currentColor\" stroke-width=\"2\" stroke-linecap=\"round\" stroke-linejoin=\"round\"\/> <\/svg><\/div><\/a><\/div><\/li><\/ul><\/div><\/div><div class=\"gt-content\"><div class=\"gt-categories\"><ul><li><a href=\"https:\/\/frischrezepte.de\/de\/recipe-category\/hauptgang\/\">Hauptgericht<\/a><\/li><\/ul><\/div><div class=\"gt-title\"><a href=\"https:\/\/frischrezepte.de\/de\/recipe\/fleisch-masala-eintopf-schnellkochtopf-rezept\/\">W\u00fcrziger Fleisch-Masala-Eintopf mit Zwiebeln und Tomaten (Schnellkochtopf-Rezept)<\/a><\/div><div class=\"gt-details\"><ul><li class=\"gt-cuisine\"><a href=\"https:\/\/frischrezepte.de\/de\/recipe-cuisine\/indisch\/\">Indisch<\/a><\/li><li class=\"gt-serving\"><div class=\"gt-icon\"><svg xmlns=\"http:\/\/www.w3.org\/2000\/svg\" width=\"19\" height=\"19\" viewbox=\"0 0 24 24\" fill=\"none\" stroke=\"currentColor\" stroke-width=\"1\" stroke-linecap=\"round\" stroke-linejoin=\"round\"><path d=\"M3 2v7c0 1.1.9 2 2 2h4a2 2 0 0 0 2-2V2\"\/><path d=\"M7 2v20\"\/><path d=\"M21 15V2a5 5 0 0 0-5 5v6c0 1.1.9 2 2 2h3Zm0 0v7\"\/><\/svg><\/div><ul><li><a href=\"https:\/\/frischrezepte.de\/de\/recipe-serving\/dient-2\/\">F\u00fcr 2 Personen<\/a><\/li><\/ul><\/li><\/ul><\/div><\/div><\/div><\/div><div class=\"col-12 col-md-3 col-lg-3\"><div class=\"gt-item gt-style-1 gt-align-left\"><div class=\"gt-image\"><a href=\"https:\/\/frischrezepte.de\/de\/recipe\/indische-pakodi-der-perfekte-cryspi-snack\/\"><img decoding=\"async\" width=\"630\" height=\"785\" src=\"https:\/\/frischrezepte.de\/wp-content\/uploads\/2025\/03\/IMG_7714-630x785.jpg\" class=\"attachment-platea-post-6 size-platea-post-6 wp-post-image\" alt=\"Indische Pakodi: Der perfekte Cryspi-Snack f\u00fcr jede Gelegenheit\" srcset=\"https:\/\/frischrezepte.de\/wp-content\/uploads\/2025\/03\/IMG_7714-630x785.jpg 630w, https:\/\/frischrezepte.de\/wp-content\/uploads\/2025\/03\/IMG_7714-9x12.jpg 9w, https:\/\/frischrezepte.de\/wp-content\/uploads\/2025\/03\/IMG_7714-72x90.jpg 72w\" sizes=\"(max-width: 630px) 100vw, 630px\" \/><\/a><div class=\"gt-recipe-action-buttons gt-vertical\"><ul><li class=\"gt-like-button\"><div class=\"gt-action-button\"><a data-toggle=\"gt-user-box\" class=\"gt-login-for-like\" title=\"You need to log in to like this.\" data-bs-toggle=\"tooltip\" data-bs-placement=\"top\"><div class=\"gt-icon\"><svg width=\"20\" height=\"17\" viewbox=\"0 0 20 17\" fill=\"none\" xmlns=\"http:\/\/www.w3.org\/2000\/svg\"> <path d=\"M15.8333 10.1667C17.075 8.95 18.3333 7.49167 18.3333 5.58333C18.3333 4.36776 17.8504 3.20197 16.9909 2.34243C16.1314 1.48289 14.9656 1 13.75 1C12.2833 1 11.25 1.41667 9.99999 2.66667C8.74999 1.41667 7.71666 1 6.24999 1C5.03441 1 3.86863 1.48289 3.00908 2.34243C2.14954 3.20197 1.66666 4.36776 1.66666 5.58333C1.66666 7.5 2.91666 8.95833 4.16666 10.1667L9.99999 16L15.8333 10.1667Z\" fill=\"currentColor\" stroke=\"currentColor\" stroke-width=\"2\" stroke-linecap=\"round\" stroke-linejoin=\"round\"\/> <\/svg><\/div><\/a><\/div><\/li><li class=\"gt-save-button\"><div class=\"gt-action-button\"><a data-toggle=\"gt-user-box\" class=\"gt-login-for-save\" title=\"You need to log in to save this.\" data-bs-toggle=\"tooltip\" data-bs-placement=\"top\"><div class=\"gt-icon\"><svg width=\"16\" height=\"20\" viewbox=\"0 0 16 20\" fill=\"none\" xmlns=\"http:\/\/www.w3.org\/2000\/svg\"> <path d=\"M15 19L8 15L1 19V3C1 2.46957 1.21071 1.96086 1.58579 1.58579C1.96086 1.21071 2.46957 1 3 1H13C13.5304 1 14.0391 1.21071 14.4142 1.58579C14.7893 1.96086 15 2.46957 15 3V19Z\" stroke=\"currentColor\" stroke-width=\"2\" stroke-linecap=\"round\" stroke-linejoin=\"round\"\/> <\/svg><\/div><\/a><\/div><\/li><\/ul><\/div><\/div><div class=\"gt-content\"><div class=\"gt-categories\"><ul><li><a href=\"https:\/\/frischrezepte.de\/de\/recipe-category\/heisluftfritteuse\/\">Hei\u00dfluftfritteuse<\/a><\/li><li><a href=\"https:\/\/frischrezepte.de\/de\/recipe-category\/beilagen\/\">Beilagen<\/a><\/li><li><a href=\"https:\/\/frischrezepte.de\/de\/recipe-category\/knabbereien\/\">Imbisse<\/a><\/li><\/ul><\/div><div class=\"gt-title\"><a href=\"https:\/\/frischrezepte.de\/de\/recipe\/indische-pakodi-der-perfekte-cryspi-snack\/\">Indische Pakodi mit dem Airfryer: Der perfekte knusprige Snack f\u00fcr jeden Anlass<\/a><\/div><div class=\"gt-details\"><ul><li class=\"gt-cooking-time\"><div class=\"gt-icon\"><svg width=\"17\" height=\"17\" viewbox=\"0 0 18 19\" fill=\"none\" xmlns=\"http:\/\/www.w3.org\/2000\/svg\"> <path d=\"M9 17C13.1421 17 16.5 13.6421 16.5 9.5C16.5 5.35786 13.1421 2 9 2C4.85786 2 1.5 5.35786 1.5 9.5C1.5 13.6421 4.85786 17 9 17Z\" stroke=\"currentColor\" stroke-width=\"1.2\" stroke-linecap=\"round\" stroke-linejoin=\"round\"\/> <path d=\"M9 5V9.5H12.375\" stroke=\"currentColor\" stroke-width=\"1.2\" stroke-linecap=\"round\" stroke-linejoin=\"round\"\/> <\/svg><\/div><ul><li><a href=\"https:\/\/frischrezepte.de\/de\/recipe-cooking-time\/20-min\/\">20 min<\/a><\/li><\/ul><\/li><li class=\"gt-cuisine\"><a href=\"https:\/\/frischrezepte.de\/de\/recipe-cuisine\/indisch\/\">Indisch<\/a><\/li><li class=\"gt-serving\"><div class=\"gt-icon\"><svg xmlns=\"http:\/\/www.w3.org\/2000\/svg\" width=\"19\" height=\"19\" viewbox=\"0 0 24 24\" fill=\"none\" stroke=\"currentColor\" stroke-width=\"1\" stroke-linecap=\"round\" stroke-linejoin=\"round\"><path d=\"M3 2v7c0 1.1.9 2 2 2h4a2 2 0 0 0 2-2V2\"\/><path d=\"M7 2v20\"\/><path d=\"M21 15V2a5 5 0 0 0-5 5v6c0 1.1.9 2 2 2h3Zm0 0v7\"\/><\/svg><\/div><ul><li><a href=\"https:\/\/frischrezepte.de\/de\/recipe-serving\/dient-2\/\">F\u00fcr 2 Personen<\/a><\/li><\/ul><\/li><\/ul><\/div><\/div><\/div><\/div><div class=\"col-12 col-md-3 col-lg-3\"><div class=\"gt-item gt-style-1 gt-align-left\"><div class=\"gt-image\"><a href=\"https:\/\/frischrezepte.de\/de\/recipe\/gebratenes-ganzes-huhn-mit-gemuse\/\"><img decoding=\"async\" width=\"630\" height=\"785\" src=\"https:\/\/frischrezepte.de\/wp-content\/uploads\/2025\/03\/Ganze-Ofenhahnchen-mit-Gemuse-\u2013-Ein-kostlicher-indischer-Genuss-title-630x785.webp\" class=\"attachment-platea-post-6 size-platea-post-6 wp-post-image\" alt=\"Ofenger\u00f6stetes H\u00e4hnchen mit Gem\u00fcse\" srcset=\"https:\/\/frischrezepte.de\/wp-content\/uploads\/2025\/03\/Ganze-Ofenhahnchen-mit-Gemuse-\u2013-Ein-kostlicher-indischer-Genuss-title-630x785.webp 630w, https:\/\/frischrezepte.de\/wp-content\/uploads\/2025\/03\/Ganze-Ofenhahnchen-mit-Gemuse-\u2013-Ein-kostlicher-indischer-Genuss-title-72x90.webp 72w\" sizes=\"(max-width: 630px) 100vw, 630px\" \/><\/a><div class=\"gt-recipe-action-buttons gt-vertical\"><ul><li class=\"gt-like-button\"><div class=\"gt-action-button\"><a data-toggle=\"gt-user-box\" class=\"gt-login-for-like\" title=\"You need to log in to like this.\" data-bs-toggle=\"tooltip\" data-bs-placement=\"top\"><div class=\"gt-icon\"><svg width=\"20\" height=\"17\" viewbox=\"0 0 20 17\" fill=\"none\" xmlns=\"http:\/\/www.w3.org\/2000\/svg\"> <path d=\"M15.8333 10.1667C17.075 8.95 18.3333 7.49167 18.3333 5.58333C18.3333 4.36776 17.8504 3.20197 16.9909 2.34243C16.1314 1.48289 14.9656 1 13.75 1C12.2833 1 11.25 1.41667 9.99999 2.66667C8.74999 1.41667 7.71666 1 6.24999 1C5.03441 1 3.86863 1.48289 3.00908 2.34243C2.14954 3.20197 1.66666 4.36776 1.66666 5.58333C1.66666 7.5 2.91666 8.95833 4.16666 10.1667L9.99999 16L15.8333 10.1667Z\" fill=\"currentColor\" stroke=\"currentColor\" stroke-width=\"2\" stroke-linecap=\"round\" stroke-linejoin=\"round\"\/> <\/svg><\/div><\/a><\/div><\/li><li class=\"gt-save-button\"><div class=\"gt-action-button\"><a data-toggle=\"gt-user-box\" class=\"gt-login-for-save\" title=\"You need to log in to save this.\" data-bs-toggle=\"tooltip\" data-bs-placement=\"top\"><div class=\"gt-icon\"><svg width=\"16\" height=\"20\" viewbox=\"0 0 16 20\" fill=\"none\" xmlns=\"http:\/\/www.w3.org\/2000\/svg\"> <path d=\"M15 19L8 15L1 19V3C1 2.46957 1.21071 1.96086 1.58579 1.58579C1.96086 1.21071 2.46957 1 3 1H13C13.5304 1 14.0391 1.21071 14.4142 1.58579C14.7893 1.96086 15 2.46957 15 3V19Z\" stroke=\"currentColor\" stroke-width=\"2\" stroke-linecap=\"round\" stroke-linejoin=\"round\"\/> <\/svg><\/div><\/a><\/div><\/li><\/ul><\/div><\/div><div class=\"gt-content\"><div class=\"gt-categories\"><ul><li><a href=\"https:\/\/frischrezepte.de\/de\/recipe-category\/gesund\/\">Gesunde<\/a><\/li><li><a href=\"https:\/\/frischrezepte.de\/de\/recipe-category\/fleisch\/\">Fleisch<\/a><\/li><\/ul><\/div><div class=\"gt-title\"><a href=\"https:\/\/frischrezepte.de\/de\/recipe\/gebratenes-ganzes-huhn-mit-gemuse\/\">Ganzes H\u00e4hnchen mit Gem\u00fcse im Ofen gebraten - eine geschmackvolle indische Abwechslung<\/a><\/div><div class=\"gt-details\"><ul><li class=\"gt-cooking-time\"><div class=\"gt-icon\"><svg width=\"17\" height=\"17\" viewbox=\"0 0 18 19\" fill=\"none\" xmlns=\"http:\/\/www.w3.org\/2000\/svg\"> <path d=\"M9 17C13.1421 17 16.5 13.6421 16.5 9.5C16.5 5.35786 13.1421 2 9 2C4.85786 2 1.5 5.35786 1.5 9.5C1.5 13.6421 4.85786 17 9 17Z\" stroke=\"currentColor\" stroke-width=\"1.2\" stroke-linecap=\"round\" stroke-linejoin=\"round\"\/> <path d=\"M9 5V9.5H12.375\" stroke=\"currentColor\" stroke-width=\"1.2\" stroke-linecap=\"round\" stroke-linejoin=\"round\"\/> <\/svg><\/div><ul><li><a href=\"https:\/\/frischrezepte.de\/de\/recipe-cooking-time\/45-min\/\">45 min<\/a><\/li><\/ul><\/li><li class=\"gt-cuisine\"><a href=\"https:\/\/frischrezepte.de\/de\/recipe-cuisine\/indisch\/\">Indisch<\/a><\/li><\/ul><\/div><\/div><\/div><\/div><div class=\"col-12 col-md-3 col-lg-3\"><div class=\"gt-item gt-style-1 gt-align-left\"><div class=\"gt-image\"><a href=\"https:\/\/frischrezepte.de\/de\/recipe\/einfaches-huhner-biryani-das-jeder-kochen-kann\/\"><img loading=\"lazy\" decoding=\"async\" width=\"630\" height=\"785\" src=\"https:\/\/frischrezepte.de\/wp-content\/uploads\/2025\/04\/IMG_2163-630x785.jpg\" class=\"attachment-platea-post-6 size-platea-post-6 wp-post-image\" alt=\"Einfaches H\u00fchnchen Biryani kann jeder kochen\" srcset=\"https:\/\/frischrezepte.de\/wp-content\/uploads\/2025\/04\/IMG_2163-630x785.jpg 630w, https:\/\/frischrezepte.de\/wp-content\/uploads\/2025\/04\/IMG_2163-10x12.jpg 10w, https:\/\/frischrezepte.de\/wp-content\/uploads\/2025\/04\/IMG_2163-72x90.jpg 72w\" sizes=\"(max-width: 630px) 100vw, 630px\" \/><\/a><div class=\"gt-recipe-action-buttons gt-vertical\"><ul><li class=\"gt-like-button\"><div class=\"gt-action-button\"><a data-toggle=\"gt-user-box\" class=\"gt-login-for-like\" title=\"You need to log in to like this.\" data-bs-toggle=\"tooltip\" data-bs-placement=\"top\"><div class=\"gt-icon\"><svg width=\"20\" height=\"17\" viewbox=\"0 0 20 17\" fill=\"none\" xmlns=\"http:\/\/www.w3.org\/2000\/svg\"> <path d=\"M15.8333 10.1667C17.075 8.95 18.3333 7.49167 18.3333 5.58333C18.3333 4.36776 17.8504 3.20197 16.9909 2.34243C16.1314 1.48289 14.9656 1 13.75 1C12.2833 1 11.25 1.41667 9.99999 2.66667C8.74999 1.41667 7.71666 1 6.24999 1C5.03441 1 3.86863 1.48289 3.00908 2.34243C2.14954 3.20197 1.66666 4.36776 1.66666 5.58333C1.66666 7.5 2.91666 8.95833 4.16666 10.1667L9.99999 16L15.8333 10.1667Z\" fill=\"currentColor\" stroke=\"currentColor\" stroke-width=\"2\" stroke-linecap=\"round\" stroke-linejoin=\"round\"\/> <\/svg><\/div><\/a><\/div><\/li><li class=\"gt-save-button\"><div class=\"gt-action-button\"><a data-toggle=\"gt-user-box\" class=\"gt-login-for-save\" title=\"You need to log in to save this.\" data-bs-toggle=\"tooltip\" data-bs-placement=\"top\"><div class=\"gt-icon\"><svg width=\"16\" height=\"20\" viewbox=\"0 0 16 20\" fill=\"none\" xmlns=\"http:\/\/www.w3.org\/2000\/svg\"> <path d=\"M15 19L8 15L1 19V3C1 2.46957 1.21071 1.96086 1.58579 1.58579C1.96086 1.21071 2.46957 1 3 1H13C13.5304 1 14.0391 1.21071 14.4142 1.58579C14.7893 1.96086 15 2.46957 15 3V19Z\" stroke=\"currentColor\" stroke-width=\"2\" stroke-linecap=\"round\" stroke-linejoin=\"round\"\/> <\/svg><\/div><\/a><\/div><\/li><\/ul><\/div><\/div><div class=\"gt-content\"><div class=\"gt-categories\"><ul><li><a href=\"https:\/\/frischrezepte.de\/de\/recipe-category\/fleisch\/\">Fleisch<\/a><\/li><\/ul><\/div><div class=\"gt-title\"><a href=\"https:\/\/frischrezepte.de\/de\/recipe\/einfaches-huhner-biryani-das-jeder-kochen-kann\/\">Einfaches H\u00fchnchen Biryani kann jeder kochen<\/a><\/div><div class=\"gt-details\"><ul><li class=\"gt-cooking-time\"><div class=\"gt-icon\"><svg width=\"17\" height=\"17\" viewbox=\"0 0 18 19\" fill=\"none\" xmlns=\"http:\/\/www.w3.org\/2000\/svg\"> <path d=\"M9 17C13.1421 17 16.5 13.6421 16.5 9.5C16.5 5.35786 13.1421 2 9 2C4.85786 2 1.5 5.35786 1.5 9.5C1.5 13.6421 4.85786 17 9 17Z\" stroke=\"currentColor\" stroke-width=\"1.2\" stroke-linecap=\"round\" stroke-linejoin=\"round\"\/> <path d=\"M9 5V9.5H12.375\" stroke=\"currentColor\" stroke-width=\"1.2\" stroke-linecap=\"round\" stroke-linejoin=\"round\"\/> <\/svg><\/div><ul><li><a href=\"https:\/\/frischrezepte.de\/de\/recipe-cooking-time\/45-min\/\">45 min<\/a><\/li><\/ul><\/li><li class=\"gt-cuisine\"><a href=\"https:\/\/frischrezepte.de\/de\/recipe-cuisine\/indisch\/\">Indisch<\/a><\/li><li class=\"gt-serving\"><div class=\"gt-icon\"><svg xmlns=\"http:\/\/www.w3.org\/2000\/svg\" width=\"19\" height=\"19\" viewbox=\"0 0 24 24\" fill=\"none\" stroke=\"currentColor\" stroke-width=\"1\" stroke-linecap=\"round\" stroke-linejoin=\"round\"><path d=\"M3 2v7c0 1.1.9 2 2 2h4a2 2 0 0 0 2-2V2\"\/><path d=\"M7 2v20\"\/><path d=\"M21 15V2a5 5 0 0 0-5 5v6c0 1.1.9 2 2 2h3Zm0 0v7\"\/><\/svg><\/div><ul><li><a href=\"https:\/\/frischrezepte.de\/de\/recipe-serving\/dient-3\/\">F\u00fcr 3 Personen<\/a><\/li><\/ul><\/li><\/ul><\/div><\/div><\/div><\/div><div class=\"col-12 col-md-3 col-lg-3\"><div class=\"gt-item gt-style-1 gt-align-left\"><div class=\"gt-image\"><a href=\"https:\/\/frischrezepte.de\/de\/recipe\/lady-finger-fry-wird-ihr-neuer-favorit-sein\/\"><img loading=\"lazy\" decoding=\"async\" width=\"630\" height=\"785\" src=\"https:\/\/frischrezepte.de\/wp-content\/uploads\/2025\/03\/This-Lady-Finger-Fry-Will-Be-Your-New-Favorite-630x785.jpg\" class=\"attachment-platea-post-6 size-platea-post-6 wp-post-image\" alt=\"Diese Lady Finger Fry wird Ihr neuer Favorit sein\" srcset=\"https:\/\/frischrezepte.de\/wp-content\/uploads\/2025\/03\/This-Lady-Finger-Fry-Will-Be-Your-New-Favorite-630x785.jpg 630w, https:\/\/frischrezepte.de\/wp-content\/uploads\/2025\/03\/This-Lady-Finger-Fry-Will-Be-Your-New-Favorite-72x90.jpg 72w\" sizes=\"(max-width: 630px) 100vw, 630px\" \/><\/a><div class=\"gt-recipe-action-buttons gt-vertical\"><ul><li class=\"gt-like-button\"><div class=\"gt-action-button\"><a data-toggle=\"gt-user-box\" class=\"gt-login-for-like\" title=\"You need to log in to like this.\" data-bs-toggle=\"tooltip\" data-bs-placement=\"top\"><div class=\"gt-icon\"><svg width=\"20\" height=\"17\" viewbox=\"0 0 20 17\" fill=\"none\" xmlns=\"http:\/\/www.w3.org\/2000\/svg\"> <path d=\"M15.8333 10.1667C17.075 8.95 18.3333 7.49167 18.3333 5.58333C18.3333 4.36776 17.8504 3.20197 16.9909 2.34243C16.1314 1.48289 14.9656 1 13.75 1C12.2833 1 11.25 1.41667 9.99999 2.66667C8.74999 1.41667 7.71666 1 6.24999 1C5.03441 1 3.86863 1.48289 3.00908 2.34243C2.14954 3.20197 1.66666 4.36776 1.66666 5.58333C1.66666 7.5 2.91666 8.95833 4.16666 10.1667L9.99999 16L15.8333 10.1667Z\" fill=\"currentColor\" stroke=\"currentColor\" stroke-width=\"2\" stroke-linecap=\"round\" stroke-linejoin=\"round\"\/> <\/svg><\/div><\/a><\/div><\/li><li class=\"gt-save-button\"><div class=\"gt-action-button\"><a data-toggle=\"gt-user-box\" class=\"gt-login-for-save\" title=\"You need to log in to save this.\" data-bs-toggle=\"tooltip\" data-bs-placement=\"top\"><div class=\"gt-icon\"><svg width=\"16\" height=\"20\" viewbox=\"0 0 16 20\" fill=\"none\" xmlns=\"http:\/\/www.w3.org\/2000\/svg\"> <path d=\"M15 19L8 15L1 19V3C1 2.46957 1.21071 1.96086 1.58579 1.58579C1.96086 1.21071 2.46957 1 3 1H13C13.5304 1 14.0391 1.21071 14.4142 1.58579C14.7893 1.96086 15 2.46957 15 3V19Z\" stroke=\"currentColor\" stroke-width=\"2\" stroke-linecap=\"round\" stroke-linejoin=\"round\"\/> <\/svg><\/div><\/a><\/div><\/li><\/ul><\/div><\/div><div class=\"gt-content\"><div class=\"gt-categories\"><ul><li><a href=\"https:\/\/frischrezepte.de\/de\/recipe-category\/gesund\/\">Gesunde<\/a><\/li><li><a href=\"https:\/\/frischrezepte.de\/de\/recipe-category\/vegetarisch\/\">Vegetarisch<\/a><\/li><\/ul><\/div><div class=\"gt-title\"><a href=\"https:\/\/frischrezepte.de\/de\/recipe\/lady-finger-fry-wird-ihr-neuer-favorit-sein\/\">Diese Gebratene Okra Wird Dein Neuer Favorit: Ich Kann Nicht Aufh\u00f6ren, Sie Zu Kochen!<\/a><\/div><div class=\"gt-details\"><ul><li class=\"gt-cooking-time\"><div class=\"gt-icon\"><svg width=\"17\" height=\"17\" viewbox=\"0 0 18 19\" fill=\"none\" xmlns=\"http:\/\/www.w3.org\/2000\/svg\"> <path d=\"M9 17C13.1421 17 16.5 13.6421 16.5 9.5C16.5 5.35786 13.1421 2 9 2C4.85786 2 1.5 5.35786 1.5 9.5C1.5 13.6421 4.85786 17 9 17Z\" stroke=\"currentColor\" stroke-width=\"1.2\" stroke-linecap=\"round\" stroke-linejoin=\"round\"\/> <path d=\"M9 5V9.5H12.375\" stroke=\"currentColor\" stroke-width=\"1.2\" stroke-linecap=\"round\" stroke-linejoin=\"round\"\/> <\/svg><\/div><ul><li><a href=\"https:\/\/frischrezepte.de\/de\/recipe-cooking-time\/15-min\/\">15 min<\/a><\/li><\/ul><\/li><li class=\"gt-cuisine\"><a href=\"https:\/\/frischrezepte.de\/de\/recipe-cuisine\/indisch\/\">Indisch<\/a><\/li><li class=\"gt-serving\"><div class=\"gt-icon\"><svg xmlns=\"http:\/\/www.w3.org\/2000\/svg\" width=\"19\" height=\"19\" viewbox=\"0 0 24 24\" fill=\"none\" stroke=\"currentColor\" stroke-width=\"1\" stroke-linecap=\"round\" stroke-linejoin=\"round\"><path d=\"M3 2v7c0 1.1.9 2 2 2h4a2 2 0 0 0 2-2V2\"\/><path d=\"M7 2v20\"\/><path d=\"M21 15V2a5 5 0 0 0-5 5v6c0 1.1.9 2 2 2h3Zm0 0v7\"\/><\/svg><\/div><ul><li><a href=\"https:\/\/frischrezepte.de\/de\/recipe-serving\/dient-3\/\">F\u00fcr 3 Personen<\/a><\/li><\/ul><\/li><\/ul><\/div><\/div><\/div><\/div><\/div><\/div>\t\t\t\t<\/div>\n\t\t\t\t<\/div>\n\t\t\t\t\t<\/div>\n\t\t\t\t<\/div>\n\t\t\t\t<\/div>","protected":false},"excerpt":{"rendered":"<p># 0-9 A B C D E F G H I J K L M N O P Q R S T U V W...<\/p>","protected":false},"author":1,"featured_media":0,"parent":0,"menu_order":0,"comment_status":"closed","ping_status":"closed","template":"","meta":{"footnotes":""},"class_list":["post-46","page","type-page","status-publish","hentry"],"_links":{"self":[{"href":"https:\/\/frischrezepte.de\/de\/wp-json\/wp\/v2\/pages\/46","targetHints":{"allow":["GET"]}}],"collection":[{"href":"https:\/\/frischrezepte.de\/de\/wp-json\/wp\/v2\/pages"}],"about":[{"href":"https:\/\/frischrezepte.de\/de\/wp-json\/wp\/v2\/types\/page"}],"author":[{"embeddable":true,"href":"https:\/\/frischrezepte.de\/de\/wp-json\/wp\/v2\/users\/1"}],"replies":[{"embeddable":true,"href":"https:\/\/frischrezepte.de\/de\/wp-json\/wp\/v2\/comments?post=46"}],"version-history":[{"count":1,"href":"https:\/\/frischrezepte.de\/de\/wp-json\/wp\/v2\/pages\/46\/revisions"}],"predecessor-version":[{"id":2866,"href":"https:\/\/frischrezepte.de\/de\/wp-json\/wp\/v2\/pages\/46\/revisions\/2866"}],"wp:attachment":[{"href":"https:\/\/frischrezepte.de\/de\/wp-json\/wp\/v2\/media?parent=46"}],"curies":[{"name":"wp","href":"https:\/\/api.w.org\/{rel}","templated":true}]}}